{"id":78,"date":"2022-12-18T14:49:47","date_gmt":"2022-12-18T14:49:47","guid":{"rendered":"https:\/\/sk-rubin.si\/?page_id=78"},"modified":"2022-12-18T16:12:15","modified_gmt":"2022-12-18T16:12:15","slug":"prijavnica","status":"publish","type":"page","link":"https:\/\/sk-rubin.si\/index.php\/prijavnica\/","title":{"rendered":"Prijavnica"},"content":{"rendered":"","protected":false},"excerpt":{"rendered":"","protected":false},"author":1,"featured_media":0,"parent":0,"menu_order":0,"comment_status":"closed","ping_status":"closed","template":"","meta":{"footnotes":""},"class_list":["post-78","page","type-page","status-publish","hentry"],"yoast_head":"<!-- This site is optimized with the Yoast SEO plugin v20.8 - https:\/\/yoast.com\/wordpress\/plugins\/seo\/ -->\n<title>Prijavnica - \u0160portni Klub Rubin<\/title>\n<meta name=\"description\" content=\"Ritmi\u010dna gimnastika, Radenci, Plesna skupina, \u0160portni klub, \u017denski \u0160port, Gimnastika\" \/>\n<meta name=\"robots\" content=\"index, follow, max-snippet:-1, max-image-preview:large, max-video-preview:-1\" \/>\n<link rel=\"canonical\" href=\"https:\/\/sk-rubin.si\/index.php\/prijavnica\/\" \/>\n<meta property=\"og:locale\" content=\"en_US\" \/>\n<meta property=\"og:type\" content=\"article\" \/>\n<meta property=\"og:title\" content=\"Prijavnica - \u0160portni Klub Rubin\" \/>\n<meta property=\"og:description\" content=\"Ritmi\u010dna gimnastika, Radenci, Plesna skupina, \u0160portni klub, \u017denski \u0160port, Gimnastika\" \/>\n<meta property=\"og:url\" content=\"https:\/\/sk-rubin.si\/index.php\/prijavnica\/\" \/>\n<meta property=\"og:site_name\" content=\"\u0160portni Klub Rubin\" \/>\n<meta property=\"article:modified_time\" content=\"2022-12-18T16:12:15+00:00\" \/>\n<meta name=\"twitter:card\" content=\"summary_large_image\" \/>\n<script type=\"application\/ld+json\" class=\"yoast-schema-graph\">{\"@context\":\"https:\/\/schema.org\",\"@graph\":[{\"@type\":\"WebPage\",\"@id\":\"https:\/\/sk-rubin.si\/index.php\/prijavnica\/\",\"url\":\"https:\/\/sk-rubin.si\/index.php\/prijavnica\/\",\"name\":\"Prijavnica - \u0160portni Klub Rubin\",\"isPartOf\":{\"@id\":\"https:\/\/sk-rubin.si\/#website\"},\"datePublished\":\"2022-12-18T14:49:47+00:00\",\"dateModified\":\"2022-12-18T16:12:15+00:00\",\"description\":\"Ritmi\u010dna gimnastika, Radenci, Plesna skupina, \u0160portni klub, \u017denski \u0160port, Gimnastika\",\"breadcrumb\":{\"@id\":\"https:\/\/sk-rubin.si\/index.php\/prijavnica\/#breadcrumb\"},\"inLanguage\":\"en-US\",\"potentialAction\":[{\"@type\":\"ReadAction\",\"target\":[\"https:\/\/sk-rubin.si\/index.php\/prijavnica\/\"]}]},{\"@type\":\"BreadcrumbList\",\"@id\":\"https:\/\/sk-rubin.si\/index.php\/prijavnica\/#breadcrumb\",\"itemListElement\":[{\"@type\":\"ListItem\",\"position\":1,\"name\":\"Domov\",\"item\":\"https:\/\/sk-rubin.si\/\"},{\"@type\":\"ListItem\",\"position\":2,\"name\":\"Prijavnica\"}]},{\"@type\":\"WebSite\",\"@id\":\"https:\/\/sk-rubin.si\/#website\",\"url\":\"https:\/\/sk-rubin.si\/\",\"name\":\"\u0160portni Klub Rubin\",\"description\":\"Slogan Sloga Slogan\",\"potentialAction\":[{\"@type\":\"SearchAction\",\"target\":{\"@type\":\"EntryPoint\",\"urlTemplate\":\"https:\/\/sk-rubin.si\/?s={search_term_string}\"},\"query-input\":\"required name=search_term_string\"}],\"inLanguage\":\"en-US\"}]}<\/script>\n<!-- \/ Yoast SEO plugin. -->","yoast_head_json":{"title":"Prijavnica - \u0160portni Klub Rubin","description":"Ritmi\u010dna gimnastika, Radenci, Plesna skupina, \u0160portni klub, \u017denski \u0160port, Gimnastika","robots":{"index":"index","follow":"follow","max-snippet":"max-snippet:-1","max-image-preview":"max-image-preview:large","max-video-preview":"max-video-preview:-1"},"canonical":"https:\/\/sk-rubin.si\/index.php\/prijavnica\/","og_locale":"en_US","og_type":"article","og_title":"Prijavnica - \u0160portni Klub Rubin","og_description":"Ritmi\u010dna gimnastika, Radenci, Plesna skupina, \u0160portni klub, \u017denski \u0160port, Gimnastika","og_url":"https:\/\/sk-rubin.si\/index.php\/prijavnica\/","og_site_name":"\u0160portni Klub Rubin","article_modified_time":"2022-12-18T16:12:15+00:00","twitter_card":"summary_large_image","schema":{"@context":"https:\/\/schema.org","@graph":[{"@type":"WebPage","@id":"https:\/\/sk-rubin.si\/index.php\/prijavnica\/","url":"https:\/\/sk-rubin.si\/index.php\/prijavnica\/","name":"Prijavnica - \u0160portni Klub Rubin","isPartOf":{"@id":"https:\/\/sk-rubin.si\/#website"},"datePublished":"2022-12-18T14:49:47+00:00","dateModified":"2022-12-18T16:12:15+00:00","description":"Ritmi\u010dna gimnastika, Radenci, Plesna skupina, \u0160portni klub, \u017denski \u0160port, Gimnastika","breadcrumb":{"@id":"https:\/\/sk-rubin.si\/index.php\/prijavnica\/#breadcrumb"},"inLanguage":"en-US","potentialAction":[{"@type":"ReadAction","target":["https:\/\/sk-rubin.si\/index.php\/prijavnica\/"]}]},{"@type":"BreadcrumbList","@id":"https:\/\/sk-rubin.si\/index.php\/prijavnica\/#breadcrumb","itemListElement":[{"@type":"ListItem","position":1,"name":"Domov","item":"https:\/\/sk-rubin.si\/"},{"@type":"ListItem","position":2,"name":"Prijavnica"}]},{"@type":"WebSite","@id":"https:\/\/sk-rubin.si\/#website","url":"https:\/\/sk-rubin.si\/","name":"\u0160portni Klub Rubin","description":"Slogan Sloga Slogan","potentialAction":[{"@type":"SearchAction","target":{"@type":"EntryPoint","urlTemplate":"https:\/\/sk-rubin.si\/?s={search_term_string}"},"query-input":"required name=search_term_string"}],"inLanguage":"en-US"}]}},"_links":{"self":[{"href":"https:\/\/sk-rubin.si\/index.php\/wp-json\/wp\/v2\/pages\/78","targetHints":{"allow":["GET"]}}],"collection":[{"href":"https:\/\/sk-rubin.si\/index.php\/wp-json\/wp\/v2\/pages"}],"about":[{"href":"https:\/\/sk-rubin.si\/index.php\/wp-json\/wp\/v2\/types\/page"}],"author":[{"embeddable":true,"href":"https:\/\/sk-rubin.si\/index.php\/wp-json\/wp\/v2\/users\/1"}],"replies":[{"embeddable":true,"href":"https:\/\/sk-rubin.si\/index.php\/wp-json\/wp\/v2\/comments?post=78"}],"version-history":[{"count":1,"href":"https:\/\/sk-rubin.si\/index.php\/wp-json\/wp\/v2\/pages\/78\/revisions"}],"predecessor-version":[{"id":79,"href":"https:\/\/sk-rubin.si\/index.php\/wp-json\/wp\/v2\/pages\/78\/revisions\/79"}],"wp:attachment":[{"href":"https:\/\/sk-rubin.si\/index.php\/wp-json\/wp\/v2\/media?parent=78"}],"curies":[{"name":"wp","href":"https:\/\/api.w.org\/{rel}","templated":true}]}}